{"id":109,"date":"2023-01-30T19:30:28","date_gmt":"2023-01-30T19:30:28","guid":{"rendered":"https:\/\/palmettobeachresort.com\/?page_id=109"},"modified":"2023-02-22T12:10:03","modified_gmt":"2023-02-22T12:10:03","slug":"isla-de-margarita","status":"publish","type":"page","link":"https:\/\/palmettobeachresort.com\/?page_id=109","title":{"rendered":"Isla de Margarita"},"content":{"rendered":"\t\t<div data-elementor-type=\"wp-page\" data-elementor-id=\"109\" class=\"elementor elementor-109\">\n\t\t\t\t\t\t\t\t\t<section class=\"elementor-section elementor-top-section elementor-element elementor-element-1cf9f59 elementor-section-boxed elementor-section-height-default elementor-section-height-default\" data-id=\"1cf9f59\" data-element_type=\"section\">\n\t\t\t\t\t\t<div class=\"elementor-container elementor-column-gap-default\">\n\t\t\t\t\t<div class=\"elementor-column elementor-col-100 elementor-top-column elementor-element elementor-element-aa623c1\" data-id=\"aa623c1\" data-element_type=\"column\">\n\t\t\t<div class=\"elementor-widget-wrap elementor-element-populated\">\n\t\t\t\t\t\t\t\t<div class=\"elementor-element elementor-element-64f728d elementor-arrows-position-inside elementor-pagination-position-outside elementor-widget elementor-widget-image-carousel\" data-id=\"64f728d\" data-element_type=\"widget\" data-settings=\"{&quot;navigation&quot;:&quot;both&quot;,&quot;autoplay&quot;:&quot;yes&quot;,&quot;pause_on_hover&quot;:&quot;yes&quot;,&quot;pause_on_interaction&quot;:&quot;yes&quot;,&quot;autoplay_speed&quot;:5000,&quot;infinite&quot;:&quot;yes&quot;,&quot;speed&quot;:500}\" data-widget_type=\"image-carousel.default\">\n\t\t\t\t<div class=\"elementor-widget-container\">\n\t\t\t<style>\/*! elementor - v3.10.2 - 29-01-2023 *\/\n.elementor-widget-image-carousel .swiper-container{position:static}.elementor-widget-image-carousel .swiper-container .swiper-slide figure{line-height:inherit}.elementor-widget-image-carousel .swiper-slide{text-align:center}.elementor-image-carousel-wrapper:not(.swiper-container-initialized) .swiper-slide{max-width:calc(100% \/ var(--e-image-carousel-slides-to-show, 3))}<\/style>\t\t<div class=\"elementor-image-carousel-wrapper swiper-container\" dir=\"ltr\">\n\t\t\t<div class=\"elementor-image-carousel swiper-wrapper\">\n\t\t\t\t\t\t\t\t<div class=\"swiper-slide\"><figure class=\"swiper-slide-inner\"><img decoding=\"async\" class=\"swiper-slide-image\" src=\"https:\/\/palmettobeachresort.com\/wp-content\/uploads\/2023\/02\/6.jpg\" alt=\"6\" \/><\/figure><\/div><div class=\"swiper-slide\"><figure class=\"swiper-slide-inner\"><img decoding=\"async\" class=\"swiper-slide-image\" src=\"https:\/\/palmettobeachresort.com\/wp-content\/uploads\/2023\/02\/Untitled-2.jpg\" alt=\"Untitled-2\" \/><\/figure><\/div><div class=\"swiper-slide\"><figure class=\"swiper-slide-inner\"><img decoding=\"async\" class=\"swiper-slide-image\" src=\"https:\/\/palmettobeachresort.com\/wp-content\/uploads\/2023\/02\/4.jpg\" alt=\"4\" \/><\/figure><\/div><div class=\"swiper-slide\"><figure class=\"swiper-slide-inner\"><img decoding=\"async\" class=\"swiper-slide-image\" src=\"https:\/\/palmettobeachresort.com\/wp-content\/uploads\/2023\/02\/3.jpg\" alt=\"3\" \/><\/figure><\/div><div class=\"swiper-slide\"><figure class=\"swiper-slide-inner\"><img decoding=\"async\" class=\"swiper-slide-image\" src=\"https:\/\/palmettobeachresort.com\/wp-content\/uploads\/2023\/02\/2.jpg\" alt=\"2\" \/><\/figure><\/div><div class=\"swiper-slide\"><figure class=\"swiper-slide-inner\"><img decoding=\"async\" class=\"swiper-slide-image\" src=\"https:\/\/palmettobeachresort.com\/wp-content\/uploads\/2023\/02\/1.jpg\" alt=\"1\" \/><\/figure><\/div>\t\t\t<\/div>\n\t\t\t\t\t\t\t\t\t\t\t\t<div class=\"swiper-pagination\"><\/div>\n\t\t\t\t\t\t\t\t\t\t\t\t\t<div class=\"elementor-swiper-button elementor-swiper-button-prev\">\n\t\t\t\t\t\t<i aria-hidden=\"true\" class=\"eicon-chevron-left\"><\/i>\t\t\t\t\t\t<span class=\"elementor-screen-only\">Anterior<\/span>\n\t\t\t\t\t<\/div>\n\t\t\t\t\t<div class=\"elementor-swiper-button elementor-swiper-button-next\">\n\t\t\t\t\t\t<i aria-hidden=\"true\" class=\"eicon-chevron-right\"><\/i>\t\t\t\t\t\t<span class=\"elementor-screen-only\">Siguiente<\/span>\n\t\t\t\t\t<\/div>\n\t\t\t\t\t\t\t\t\t<\/div>\n\t\t\t\t<\/div>\n\t\t\t\t<\/div>\n\t\t\t\t\t<\/div>\n\t\t<\/div>\n\t\t\t\t\t\t\t<\/div>\n\t\t<\/section>\n\t\t\t\t<section class=\"elementor-section elementor-top-section elementor-element elementor-element-28286cd elementor-section-full_width elementor-section-height-default elementor-section-height-default\" data-id=\"28286cd\" data-element_type=\"section\">\n\t\t\t\t\t\t<div class=\"elementor-container elementor-column-gap-no\">\n\t\t\t\t\t<div class=\"elementor-column elementor-col-50 elementor-top-column elementor-element elementor-element-19a1221\" data-id=\"19a1221\" data-element_type=\"column\">\n\t\t\t<div class=\"elementor-widget-wrap elementor-element-populated\">\n\t\t\t\t\t\t\t\t<div class=\"elementor-element elementor-element-505c70d elementor-widget elementor-widget-text-editor\" data-id=\"505c70d\" data-element_type=\"widget\" data-widget_type=\"text-editor.default\">\n\t\t\t\t<div class=\"elementor-widget-container\">\n\t\t\t<style>\/*! elementor - v3.10.2 - 29-01-2023 *\/\n.elementor-widget-text-editor.elementor-drop-cap-view-stacked .elementor-drop-cap{background-color:#818a91;color:#fff}.elementor-widget-text-editor.elementor-drop-cap-view-framed .elementor-drop-cap{color:#818a91;border:3px solid;background-color:transparent}.elementor-widget-text-editor:not(.elementor-drop-cap-view-default) .elementor-drop-cap{margin-top:8px}.elementor-widget-text-editor:not(.elementor-drop-cap-view-default) .elementor-drop-cap-letter{width:1em;height:1em}.elementor-widget-text-editor .elementor-drop-cap{float:left;text-align:center;line-height:1;font-size:50px}.elementor-widget-text-editor .elementor-drop-cap-letter{display:inline-block}<\/style>\t\t\t\t<h2>\nEl Pa\u00eds\t<\/h2>\nLa Isla de Margarita esta situada en el Mar Caribe y pertenece a Venezuela, desde el punto de vista econ\u00f3mico se trata de una zona franca; con gobierno propio y depende poco del continente.\nLa Isla emerge de las c\u00e1lidas aguas del Mar Caribe, zona libre de huracanes y tsunamis.\nMargarita tiene 1150 Km2 de superficie, 315 Kms de costa, una temperatura promedio anual de 29 \u00baC, hermosas playas, sol tropical los 365 d\u00edas del a\u00f1o.\nLa naturaleza ofrece gran variedad de paisajes con zonas de selva tropical, zonas semi\u00e1ridas, monta\u00f1osas, llanos y playas fant\u00e1sticas.\t\t\t\t\t\t<\/div>\n\t\t\t\t<\/div>\n\t\t\t\t\t<\/div>\n\t\t<\/div>\n\t\t\t\t<div class=\"elementor-column elementor-col-50 elementor-top-column elementor-element elementor-element-6131f15\" data-id=\"6131f15\" data-element_type=\"column\">\n\t\t\t<div class=\"elementor-widget-wrap elementor-element-populated\">\n\t\t\t\t\t\t\t\t<div class=\"elementor-element elementor-element-11aff7d elementor-widget elementor-widget-image\" data-id=\"11aff7d\" data-element_type=\"widget\" data-widget_type=\"image.default\">\n\t\t\t\t<div class=\"elementor-widget-container\">\n\t\t\t<style>\/*! elementor - v3.10.2 - 29-01-2023 *\/\n.elementor-widget-image{text-align:center}.elementor-widget-image a{display:inline-block}.elementor-widget-image a img[src$=\".svg\"]{width:48px}.elementor-widget-image img{vertical-align:middle;display:inline-block}<\/style>\t\t\t\t\t\t\t\t\t\t\t\t<img loading=\"lazy\" decoding=\"async\" width=\"953\" height=\"580\" src=\"https:\/\/palmettobeachresort.com\/wp-content\/uploads\/2023\/02\/islamapa.jpg\" class=\"attachment-full size-full wp-image-390\" alt=\"\" srcset=\"https:\/\/palmettobeachresort.com\/wp-content\/uploads\/2023\/02\/islamapa.jpg 953w, https:\/\/palmettobeachresort.com\/wp-content\/uploads\/2023\/02\/islamapa-300x183.jpg 300w, https:\/\/palmettobeachresort.com\/wp-content\/uploads\/2023\/02\/islamapa-768x467.jpg 768w, https:\/\/palmettobeachresort.com\/wp-content\/uploads\/2023\/02\/islamapa-18x12.jpg 18w\" sizes=\"auto, (max-width: 953px) 100vw, 953px\" \/>\t\t\t\t\t\t\t\t\t\t\t\t\t\t\t<\/div>\n\t\t\t\t<\/div>\n\t\t\t\t\t<\/div>\n\t\t<\/div>\n\t\t\t\t\t\t\t<\/div>\n\t\t<\/section>\n\t\t\t\t<section class=\"elementor-section elementor-top-section elementor-element elementor-element-b025040 elementor-section-full_width elementor-section-height-default elementor-section-height-default\" data-id=\"b025040\" data-element_type=\"section\">\n\t\t\t\t\t\t<div class=\"elementor-container elementor-column-gap-no\">\n\t\t\t\t\t<div class=\"elementor-column elementor-col-50 elementor-top-column elementor-element elementor-element-4e767f8\" data-id=\"4e767f8\" data-element_type=\"column\">\n\t\t\t<div class=\"elementor-widget-wrap elementor-element-populated\">\n\t\t\t\t\t\t\t\t<div class=\"elementor-element elementor-element-19504dd elementor-widget elementor-widget-image\" data-id=\"19504dd\" data-element_type=\"widget\" data-widget_type=\"image.default\">\n\t\t\t\t<div class=\"elementor-widget-container\">\n\t\t\t\t\t\t\t\t\t\t\t\t\t\t\t<img loading=\"lazy\" decoding=\"async\" width=\"953\" height=\"745\" src=\"https:\/\/palmettobeachresort.com\/wp-content\/uploads\/2023\/02\/mercado.jpg\" class=\"attachment-full size-full wp-image-381\" alt=\"\" srcset=\"https:\/\/palmettobeachresort.com\/wp-content\/uploads\/2023\/02\/mercado.jpg 953w, https:\/\/palmettobeachresort.com\/wp-content\/uploads\/2023\/02\/mercado-300x235.jpg 300w, https:\/\/palmettobeachresort.com\/wp-content\/uploads\/2023\/02\/mercado-768x600.jpg 768w, https:\/\/palmettobeachresort.com\/wp-content\/uploads\/2023\/02\/mercado-15x12.jpg 15w\" sizes=\"auto, (max-width: 953px) 100vw, 953px\" \/>\t\t\t\t\t\t\t\t\t\t\t\t\t\t\t<\/div>\n\t\t\t\t<\/div>\n\t\t\t\t\t<\/div>\n\t\t<\/div>\n\t\t\t\t<div class=\"elementor-column elementor-col-50 elementor-top-column elementor-element elementor-element-332610b\" data-id=\"332610b\" data-element_type=\"column\">\n\t\t\t<div class=\"elementor-widget-wrap elementor-element-populated\">\n\t\t\t\t\t\t\t\t<div class=\"elementor-element elementor-element-bc62407 elementor-widget elementor-widget-text-editor\" data-id=\"bc62407\" data-element_type=\"widget\" data-widget_type=\"text-editor.default\">\n\t\t\t\t<div class=\"elementor-widget-container\">\n\t\t\t\t\t\t\t<h2>\nVida<\/h2>\n\nLa poblaci\u00f3n de la isla es muy amable y agradable, de habla hispana, sin embargo hay mucha gentes que dominan el ingl\u00e9s.\n\nEn cuanto se refiere a la tasa de criminalidad es sumamente baja. El costo de vida supone supuestamente el 50% del nivel europeo el precio de la gasolina se sit\u00faa en unos c\u00e9ntimos por litro.\n\nLa naturaleza ofrece gran diversidad de paisajes, desde playas fant\u00e1sticas a zonas monta\u00f1osas.\n\nMargarita es un verdadero emporio tur\u00edstico que ofrece variadas playas, monumentos hist\u00f3ricos, museos, bingos, casinos, discotecas, tiendas exclusivas y espectaculares centros comerciales con las bondades del puerto libre. Usted puede disfrutar de una variada vida nocturna todos los d\u00edas del a\u00f1o, recorrer los viejos y modernos pueblos, aventurar en monta\u00f1as, contemplar el mejor e impresionante atardecer, degustar excelentes platos de reconocidos chef y cocineros que ofrecen variedad de comida, entre lo tradicional y lo gourmet, que incluye especialmente, productos del mar. Solo usted pone l\u00edmite a su estad\u00eda en esta impresionante isla.\t\t\t\t\t\t<\/div>\n\t\t\t\t<\/div>\n\t\t\t\t\t<\/div>\n\t\t<\/div>\n\t\t\t\t\t\t\t<\/div>\n\t\t<\/section>\n\t\t\t\t<section class=\"elementor-section elementor-top-section elementor-element elementor-element-0f41b2d elementor-section-full_width elementor-section-height-default elementor-section-height-default\" data-id=\"0f41b2d\" data-element_type=\"section\">\n\t\t\t\t\t\t<div class=\"elementor-container elementor-column-gap-no\">\n\t\t\t\t\t<div class=\"elementor-column elementor-col-50 elementor-top-column elementor-element elementor-element-bcf159f\" data-id=\"bcf159f\" data-element_type=\"column\">\n\t\t\t<div class=\"elementor-widget-wrap elementor-element-populated\">\n\t\t\t\t\t\t\t\t<div class=\"elementor-element elementor-element-54d7e44 elementor-widget elementor-widget-text-editor\" data-id=\"54d7e44\" data-element_type=\"widget\" data-widget_type=\"text-editor.default\">\n\t\t\t\t<div class=\"elementor-widget-container\">\n\t\t\t\t\t\t\t<h2> Playas <\/h2>\nEl agradable clima tropical que se mantiene durante todo el a\u00f1o en Margarita propicia disfrutar de las diferentes playas; por un lado las v\u00edrgenes y solitarias, ideales para el descanso, otras m\u00e1s visitadas, que se caracterizan por el oleaje desafiante, tan buscando para la pr\u00e1ctica de surf y finalmente otras con el mar m\u00e1s tranquilo. En el noroeste de la isla se puede encontrar las playas; El Agua, Parguito y Guacuco, todas con fuerte oleaje. El visitante encontrar\u00e1 todos los servicios de restaurantes y toldos, adem\u00e1s de poder surfear.\n<br>\nTambi\u00e9n se puede disfrutar de las playas Manzanillo, Puerto Cruz, Playa Caribe y Playa Juan Griego. Playas muy v\u00edrgenes y solitarias son Punta Arenas, La Pared, El Tunal, El Faro, La Auyama, que son ideales para escapar de la multitud.\t\t\t\t\t\t<\/div>\n\t\t\t\t<\/div>\n\t\t\t\t\t<\/div>\n\t\t<\/div>\n\t\t\t\t<div class=\"elementor-column elementor-col-50 elementor-top-column elementor-element elementor-element-897d662\" data-id=\"897d662\" data-element_type=\"column\">\n\t\t\t<div class=\"elementor-widget-wrap elementor-element-populated\">\n\t\t\t\t\t\t\t\t<div class=\"elementor-element elementor-element-ca977a9 elementor-widget elementor-widget-image\" data-id=\"ca977a9\" data-element_type=\"widget\" data-widget_type=\"image.default\">\n\t\t\t\t<div class=\"elementor-widget-container\">\n\t\t\t\t\t\t\t\t\t\t\t\t\t\t\t<img loading=\"lazy\" decoding=\"async\" width=\"953\" height=\"650\" src=\"https:\/\/palmettobeachresort.com\/wp-content\/uploads\/2023\/02\/playass.jpg\" class=\"attachment-full size-full wp-image-384\" alt=\"\" srcset=\"https:\/\/palmettobeachresort.com\/wp-content\/uploads\/2023\/02\/playass.jpg 953w, https:\/\/palmettobeachresort.com\/wp-content\/uploads\/2023\/02\/playass-300x205.jpg 300w, https:\/\/palmettobeachresort.com\/wp-content\/uploads\/2023\/02\/playass-768x524.jpg 768w, https:\/\/palmettobeachresort.com\/wp-content\/uploads\/2023\/02\/playass-18x12.jpg 18w\" sizes=\"auto, (max-width: 953px) 100vw, 953px\" \/>\t\t\t\t\t\t\t\t\t\t\t\t\t\t\t<\/div>\n\t\t\t\t<\/div>\n\t\t\t\t\t<\/div>\n\t\t<\/div>\n\t\t\t\t\t\t\t<\/div>\n\t\t<\/section>\n\t\t\t\t<section class=\"elementor-section elementor-top-section elementor-element elementor-element-0c41757 elementor-section-full_width elementor-section-height-default elementor-section-height-default\" data-id=\"0c41757\" data-element_type=\"section\">\n\t\t\t\t\t\t<div class=\"elementor-container elementor-column-gap-no\">\n\t\t\t\t\t<div class=\"elementor-column elementor-col-50 elementor-top-column elementor-element elementor-element-125b02e\" data-id=\"125b02e\" data-element_type=\"column\">\n\t\t\t<div class=\"elementor-widget-wrap elementor-element-populated\">\n\t\t\t\t\t\t\t\t<div class=\"elementor-element elementor-element-3a2c5c7 elementor-widget elementor-widget-image\" data-id=\"3a2c5c7\" data-element_type=\"widget\" data-widget_type=\"image.default\">\n\t\t\t\t<div class=\"elementor-widget-container\">\n\t\t\t\t\t\t\t\t\t\t\t\t\t\t\t<img loading=\"lazy\" decoding=\"async\" width=\"943\" height=\"650\" src=\"https:\/\/palmettobeachresort.com\/wp-content\/uploads\/2023\/01\/aeropuertoo.jpg\" class=\"attachment-full size-full wp-image-219\" alt=\"\" srcset=\"https:\/\/palmettobeachresort.com\/wp-content\/uploads\/2023\/01\/aeropuertoo.jpg 943w, https:\/\/palmettobeachresort.com\/wp-content\/uploads\/2023\/01\/aeropuertoo-300x207.jpg 300w, https:\/\/palmettobeachresort.com\/wp-content\/uploads\/2023\/01\/aeropuertoo-768x529.jpg 768w, https:\/\/palmettobeachresort.com\/wp-content\/uploads\/2023\/01\/aeropuertoo-18x12.jpg 18w\" sizes=\"auto, (max-width: 943px) 100vw, 943px\" \/>\t\t\t\t\t\t\t\t\t\t\t\t\t\t\t<\/div>\n\t\t\t\t<\/div>\n\t\t\t\t\t<\/div>\n\t\t<\/div>\n\t\t\t\t<div class=\"elementor-column elementor-col-50 elementor-top-column elementor-element elementor-element-741b840\" data-id=\"741b840\" data-element_type=\"column\">\n\t\t\t<div class=\"elementor-widget-wrap elementor-element-populated\">\n\t\t\t\t\t\t\t\t<div class=\"elementor-element elementor-element-165ec8d elementor-widget elementor-widget-text-editor\" data-id=\"165ec8d\" data-element_type=\"widget\" data-widget_type=\"text-editor.default\">\n\t\t\t\t<div class=\"elementor-widget-container\">\n\t\t\t\t\t\t\t<h2>Acceso<\/h2>\nDesde el Aeropuerto Internacional Sim\u00f3n Bol\u00edvar de Maiquet\u00eda (Caracas) que conecta con todo el mundo (TAP, Iberia, American Airlines, Air Europa, Conviasa y otras l\u00edneas a\u00e9reas.\n\nSe efect\u00faan vuelos regulares de Caracas a Porlamar que duran 30 minutos. Vuelos directos Charter\nServicio de Ferry de Puerto La Cruz.\t\t\t\t\t\t<\/div>\n\t\t\t\t<\/div>\n\t\t\t\t\t<\/div>\n\t\t<\/div>\n\t\t\t\t\t\t\t<\/div>\n\t\t<\/section>\n\t\t\t\t<section class=\"elementor-section elementor-top-section elementor-element elementor-element-7985f48 elementor-section-full_width elementor-section-height-default elementor-section-height-default\" data-id=\"7985f48\" data-element_type=\"section\">\n\t\t\t\t\t\t<div class=\"elementor-container elementor-column-gap-no\">\n\t\t\t\t\t<div class=\"elementor-column elementor-col-50 elementor-top-column elementor-element elementor-element-4618888\" data-id=\"4618888\" data-element_type=\"column\">\n\t\t\t<div class=\"elementor-widget-wrap elementor-element-populated\">\n\t\t\t\t\t\t\t\t<div class=\"elementor-element elementor-element-8844747 elementor-widget elementor-widget-text-editor\" data-id=\"8844747\" data-element_type=\"widget\" data-widget_type=\"text-editor.default\">\n\t\t\t\t<div class=\"elementor-widget-container\">\n\t\t\t\t\t\t\t<h2>Diversi\u00f3n<\/h2><p>Los insaciables de acci\u00f3n y diversi\u00f3n encontrar\u00e1n una estupenda variedad de espect\u00e1culos nocturnos, discotecas, pool, Bar y Night-clubs con sus ambientes y personalidades muy propias e inconfundibles, hay un sitio para cada qui\u00e9n.<\/p><p>Del piano bar rom\u00e1ntico hasta la fiesta tropical m\u00e1s alocada para los j\u00f3venes de edad y de sentimiento. Terrazas bajo el cielo pintado de mil estrellas con suave m\u00fasica en vivo y discotecas con espectaculares luces y m\u00fasica actual. Los aficionados a los juegos encontraran varias opciones entre casinos, bingos y salas de maquinitas para probar suerte.<\/p>\t\t\t\t\t\t<\/div>\n\t\t\t\t<\/div>\n\t\t\t\t\t<\/div>\n\t\t<\/div>\n\t\t\t\t<div class=\"elementor-column elementor-col-50 elementor-top-column elementor-element elementor-element-f06ad88\" data-id=\"f06ad88\" data-element_type=\"column\">\n\t\t\t<div class=\"elementor-widget-wrap elementor-element-populated\">\n\t\t\t\t\t\t\t\t<div class=\"elementor-element elementor-element-f413d4f elementor-widget elementor-widget-image\" data-id=\"f413d4f\" data-element_type=\"widget\" data-widget_type=\"image.default\">\n\t\t\t\t<div class=\"elementor-widget-container\">\n\t\t\t\t\t\t\t\t\t\t\t\t\t\t\t<img loading=\"lazy\" decoding=\"async\" width=\"1080\" height=\"1080\" src=\"https:\/\/palmettobeachresort.com\/wp-content\/uploads\/2023\/02\/diversion-nocturna-HD.jpeg\" class=\"attachment-full size-full wp-image-388\" alt=\"\" srcset=\"https:\/\/palmettobeachresort.com\/wp-content\/uploads\/2023\/02\/diversion-nocturna-HD.jpeg 1080w, https:\/\/palmettobeachresort.com\/wp-content\/uploads\/2023\/02\/diversion-nocturna-HD-300x300.jpeg 300w, https:\/\/palmettobeachresort.com\/wp-content\/uploads\/2023\/02\/diversion-nocturna-HD-1024x1024.jpeg 1024w, https:\/\/palmettobeachresort.com\/wp-content\/uploads\/2023\/02\/diversion-nocturna-HD-150x150.jpeg 150w, https:\/\/palmettobeachresort.com\/wp-content\/uploads\/2023\/02\/diversion-nocturna-HD-768x768.jpeg 768w, https:\/\/palmettobeachresort.com\/wp-content\/uploads\/2023\/02\/diversion-nocturna-HD-12x12.jpeg 12w\" sizes=\"auto, (max-width: 1080px) 100vw, 1080px\" \/>\t\t\t\t\t\t\t\t\t\t\t\t\t\t\t<\/div>\n\t\t\t\t<\/div>\n\t\t\t\t\t<\/div>\n\t\t<\/div>\n\t\t\t\t\t\t\t<\/div>\n\t\t<\/section>\n\t\t\t\t\t\t\t<\/div>\n\t\t","protected":false},"excerpt":{"rendered":"<p>Anterior Siguiente El Pa\u00eds La Isla de Margarita esta situada en el Mar Caribe y pertenece a Venezuela, desde el punto de vista econ\u00f3mico se trata de una zona franca; con gobierno propio y depende poco del continente. La Isla emerge de las c\u00e1lidas aguas del Mar Caribe, zona libre de huracanes y tsunamis. Margarita [&hellip;]<\/p>\n","protected":false},"author":1,"featured_media":0,"parent":0,"menu_order":0,"comment_status":"closed","ping_status":"closed","template":"elementor_header_footer","meta":{"footnotes":""},"class_list":["post-109","page","type-page","status-publish","hentry"],"_links":{"self":[{"href":"https:\/\/palmettobeachresort.com\/index.php?rest_route=\/wp\/v2\/pages\/109","targetHints":{"allow":["GET"]}}],"collection":[{"href":"https:\/\/palmettobeachresort.com\/index.php?rest_route=\/wp\/v2\/pages"}],"about":[{"href":"https:\/\/palmettobeachresort.com\/index.php?rest_route=\/wp\/v2\/types\/page"}],"author":[{"embeddable":true,"href":"https:\/\/palmettobeachresort.com\/index.php?rest_route=\/wp\/v2\/users\/1"}],"replies":[{"embeddable":true,"href":"https:\/\/palmettobeachresort.com\/index.php?rest_route=%2Fwp%2Fv2%2Fcomments&post=109"}],"version-history":[{"count":114,"href":"https:\/\/palmettobeachresort.com\/index.php?rest_route=\/wp\/v2\/pages\/109\/revisions"}],"predecessor-version":[{"id":406,"href":"https:\/\/palmettobeachresort.com\/index.php?rest_route=\/wp\/v2\/pages\/109\/revisions\/406"}],"wp:attachment":[{"href":"https:\/\/palmettobeachresort.com\/index.php?rest_route=%2Fwp%2Fv2%2Fmedia&parent=109"}],"curies":[{"name":"wp","href":"https:\/\/api.w.org\/{rel}","templated":true}]}}